{"id":1742,"date":"2023-11-26T17:56:04","date_gmt":"2023-11-26T17:56:04","guid":{"rendered":"http:\/\/new.richardsmotelfamilyoflodgings.com\/divi\/galeria\/"},"modified":"2026-03-18T11:45:06","modified_gmt":"2026-03-18T11:45:06","slug":"galeria","status":"publish","type":"page","link":"https:\/\/richardsmotelstudios.com\/es\/galeria\/","title":{"rendered":"Galer\u00eda"},"content":{"rendered":"<p>[et_pb_section fb_built=\u00bb1&#8243; custom_padding_last_edited=\u00bbon|desktop\u00bb background_color_2=\u00bb#ffffff\u00bb padding_top_2=\u00bb40px\u00bb padding_right_2=\u00bb30px\u00bb padding_bottom_2=\u00bb40px\u00bb padding_left_2=\u00bb30px\u00bb padding_top_bottom_link_2=\u00bbtrue\u00bb padding_left_right_link_2=\u00bbtrue\u00bb padding_2_tablet=\u00bb0px|0px|0px|0px|true|true\u00bb padding_2_phone=\u00bb\u00bb padding_2_last_edited=\u00bbon|tablet\u00bb admin_label=\u00bbHeader\u00bb _builder_version=\u00bb4.24.0&#8243; use_background_color_gradient=\u00bbon\u00bb background_color_gradient_direction=\u00bb360deg\u00bb background_color_gradient_stops=\u00bbrgba(127,191,0,0) 28%|#ffffff 66%|#7fbf00 99%\u00bb background_color_gradient_start=\u00bb#ffffff\u00bb background_color_gradient_start_position=\u00bb65%\u00bb background_color_gradient_end=\u00bb#002d4c\u00bb background_color_gradient_end_position=\u00bb0%\u00bb max_height=\u00bb150px\u00bb max_height_tablet=\u00bb150px\u00bb max_height_phone=\u00bb150px\u00bb max_height_last_edited=\u00bbon|desktop\u00bb custom_margin=\u00bb||30px||false|false\u00bb custom_padding=\u00bb1vw||0px||false|false\u00bb custom_padding_tablet=\u00bb||0px||false|false\u00bb custom_padding_phone=\u00bb\u00bb background_last_edited=\u00bbon|tablet\u00bb use_background_color_gradient_tablet=\u00bboff\u00bb global_colors_info=\u00bb{}\u00bb][et_pb_row _builder_version=\u00bb4.24.0&#8243; custom_margin=\u00bb30px||0px||false|false\u00bb global_colors_info=\u00bb{}\u00bb][et_pb_column type=\u00bb4_4&#8243; _builder_version=\u00bb4.16&#8243; global_colors_info=\u00bb{}\u00bb][et_pb_text _builder_version=\u00bb4.24.0&#8243; text_font=\u00bbABeeZee||||||||\u00bb text_font_size=\u00bb16px\u00bb text_line_height=\u00bb1.8em\u00bb header_font=\u00bbABeeZee|700|||||||\u00bb header_text_color=\u00bb#002d4c\u00bb header_font_size=\u00bb66px\u00bb header_line_height=\u00bb1.1em\u00bb header_2_font=\u00bbABeeZee||||||||\u00bb header_2_text_color=\u00bb#7fbf00&#8243; header_3_font=\u00bbABeeZee|700||on|||||\u00bb header_3_text_color=\u00bb#000000&#8243; header_3_font_size=\u00bb13px\u00bb header_3_letter_spacing=\u00bb3px\u00bb header_3_line_height=\u00bb1.4em\u00bb text_orientation=\u00bbcenter\u00bb max_width=\u00bb36vw\u00bb max_width_tablet=\u00bb90%\u00bb max_width_phone=\u00bb100%\u00bb max_width_last_edited=\u00bbon|tablet\u00bb module_alignment=\u00bbcenter\u00bb custom_margin=\u00bb||||false|false\u00bb text_font_size_tablet=\u00bb15px\u00bb text_font_size_phone=\u00bb14px\u00bb text_font_size_last_edited=\u00bbon|phone\u00bb header_font_size_tablet=\u00bb52px\u00bb header_font_size_phone=\u00bb38px\u00bb header_font_size_last_edited=\u00bbon|desktop\u00bb locked=\u00bboff\u00bb global_colors_info=\u00bb{}\u00bb]<\/p>\n<h2>Galer\u00eda de im\u00e1genes<\/h2>\n<p>[\/et_pb_text][\/et_pb_column][\/et_pb_row][\/et_pb_section][et_pb_section fb_built=\u00bb1&#8243; admin_label=\u00bbGallery\u00bb _builder_version=\u00bb4.24.0&#8243; custom_padding=\u00bb0px|||||\u00bb collapsed=\u00bboff\u00bb global_colors_info=\u00bb{}\u00bb][et_pb_row column_structure=\u00bb1_2,1_2&#8243; _builder_version=\u00bb4.24.0&#8243; custom_padding=\u00bb0px|||||\u00bb animation_style=\u00bbfade\u00bb animation_duration=\u00bb2000ms\u00bb global_colors_info=\u00bb{}\u00bb][et_pb_column type=\u00bb1_2&#8243; _builder_version=\u00bb4.16&#8243; custom_padding=\u00bb||||false|false\u00bb global_colors_info=\u00bb{}\u00bb][et_pb_image src=\u00bbhttps:\/\/dev.richardsmotelstudios.com\/wp-content\/uploads\/2026\/03\/IMG_0083-copy.webp\u00bb title_text=\u00bbIMG_0083 copia\u00bb _builder_version=\u00bb4.27.6&#8243; _module_preset=\u00bbdefault\u00bb width=\u00bb100%\u00bb module_alignment=\u00bbright\u00bb custom_margin=\u00bb||||false|false\u00bb hover_enabled=\u00bb0&#8243; border_width_all=\u00bb5px\u00bb border_color_all=\u00bb#FFFFFF\u00bb box_shadow_style=\u00bbpreset2&#8243; box_shadow_color=\u00bbrgba(0,45,76,0.32)\u00bb global_colors_info=\u00bb{}\u00bb sticky_enabled=\u00bb0&#8243;][\/et_pb_image][\/et_pb_column][et_pb_column type=\u00bb1_2&#8243; _builder_version=\u00bb4.16&#8243; custom_padding=\u00bb60px||||false|false\u00bb custom_padding_tablet=\u00bb0px||||false|false\u00bb custom_padding_phone=\u00bb\u00bb custom_padding_last_edited=\u00bbon|tablet\u00bb global_colors_info=\u00bb{}\u00bb][et_pb_text _builder_version=\u00bb4.27.6&#8243; text_font=\u00bbCabin||||||||\u00bb text_text_color=\u00bbrgba(85,101,112,0.8)\u00bb text_font_size=\u00bb16px\u00bb text_line_height=\u00bb1.8em\u00bb header_2_font=\u00bbABeeZee|700|||||||\u00bb header_2_text_color=\u00bb#7fbe01&#8243; header_2_font_size=\u00bb32px\u00bb header_2_line_height=\u00bb1.1em\u00bb header_3_font=\u00bbCabin|700||on|||||\u00bb header_3_text_color=\u00bb#bd8f52&#8243; header_3_font_size=\u00bb13px\u00bb header_3_letter_spacing=\u00bb3px\u00bb header_3_line_height=\u00bb1.4em\u00bb max_width=\u00bb36vw\u00bb max_width_tablet=\u00bb90%\u00bb max_width_phone=\u00bb100%\u00bb max_width_last_edited=\u00bbon|tablet\u00bb custom_margin=\u00bb5vw||2vw||false|false\u00bb hover_enabled=\u00bb0&#8243; text_font_size_tablet=\u00bb15px\u00bb text_font_size_phone=\u00bb14px\u00bb text_font_size_last_edited=\u00bbon|phone\u00bb header_2_font_size_tablet=\u00bb44px\u00bb header_2_font_size_phone=\u00bb32px\u00bb header_2_font_size_last_edited=\u00bbon|tablet\u00bb locked=\u00bboff\u00bb global_colors_info=\u00bb{}\u00bb sticky_enabled=\u00bb0&#8243;]<\/p>\n<h2>Bello Condo<\/h2>\n<p>&nbsp;<\/p>\n<p><span>Rel\u00e1jate en Richard&#8217;s Motel Studios con un bonito jard\u00edn y barbacoa<\/span><\/p>\n<p>[\/et_pb_text][\/et_pb_column][\/et_pb_row][et_pb_row column_structure=\u00bb1_3,2_3&#8243; _builder_version=\u00bb4.24.0&#8243; animation_style=\u00bbfade\u00bb animation_duration=\u00bb2000ms\u00bb global_colors_info=\u00bb{}\u00bb][et_pb_column type=\u00bb1_3&#8243; _builder_version=\u00bb4.16&#8243; global_colors_info=\u00bb{}\u00bb][et_pb_image src=\u00bbhttps:\/\/dev.richardsmotelstudios.com\/wp-content\/uploads\/2026\/03\/IMG_0100-copy.webp\u00bb title_text=\u00bbCopia IMG_0100&#8243; align=\u00bbcenter\u00bb _builder_version=\u00bb4.27.6&#8243; module_alignment=\u00bbcenter\u00bb custom_margin=\u00bb||||false|false\u00bb hover_enabled=\u00bb0&#8243; border_width_all=\u00bb5px\u00bb border_color_all=\u00bb#FFFFFF\u00bb box_shadow_style=\u00bbpreset2&#8243; box_shadow_color=\u00bbrgba(0,45,76,0.32)\u00bb locked=\u00bboff\u00bb global_colors_info=\u00bb{}\u00bb sticky_enabled=\u00bb0&#8243;][\/et_pb_image][et_pb_image src=\u00bbhttps:\/\/dev.richardsmotelstudios.com\/wp-content\/uploads\/2026\/03\/Room_202_Dec2025_8.webp\u00bb title_text=\u00bbHabitaci\u00f3n_202_Dec2025_8&#8243; _builder_version=\u00bb4.27.6&#8243; width=\u00bb100%\u00bb module_alignment=\u00bbright\u00bb custom_margin=\u00bb||||false|false\u00bb hover_enabled=\u00bb0&#8243; border_width_all=\u00bb5px\u00bb border_color_all=\u00bb#FFFFFF\u00bb box_shadow_style=\u00bbpreset2&#8243; box_shadow_color=\u00bbrgba(0,45,76,0.32)\u00bb global_colors_info=\u00bb{}\u00bb sticky_enabled=\u00bb0&#8243;][\/et_pb_image][\/et_pb_column][et_pb_column type=\u00bb2_3&#8243; _builder_version=\u00bb4.16&#8243; global_colors_info=\u00bb{}\u00bb][et_pb_image src=\u00bbhttps:\/\/dev.richardsmotelstudios.com\/wp-content\/uploads\/2026\/03\/Studios-front.webp\u00bb title_text=\u00bbFrente de los estudios\u00bb _builder_version=\u00bb4.27.6&#8243; width=\u00bb100%\u00bb module_alignment=\u00bbright\u00bb custom_margin=\u00bb||||false|false\u00bb hover_enabled=\u00bb0&#8243; border_width_all=\u00bb5px\u00bb border_color_all=\u00bb#FFFFFF\u00bb box_shadow_style=\u00bbpreset2&#8243; box_shadow_color=\u00bbrgba(0,45,76,0.32)\u00bb global_colors_info=\u00bb{}\u00bb sticky_enabled=\u00bb0&#8243;][\/et_pb_image][\/et_pb_column][\/et_pb_row][\/et_pb_section][et_pb_section fb_built=\u00bb1&#8243; admin_label=\u00bbGallery\u00bb _builder_version=\u00bb4.24.0&#8243; custom_padding=\u00bb0px|||||\u00bb collapsed=\u00bboff\u00bb global_colors_info=\u00bb{}\u00bb][et_pb_row column_structure=\u00bb1_4,1_2,1_4&#8243; make_equal=\u00bbon\u00bb _builder_version=\u00bb4.25.1&#8243; animation_style=\u00bbfade\u00bb animation_duration=\u00bb2000ms\u00bb global_colors_info=\u00bb{}\u00bb][et_pb_column type=\u00bb1_4&#8243; _builder_version=\u00bb4.16&#8243; global_colors_info=\u00bb{}\u00bb][et_pb_image src=\u00bbhttps:\/\/dev.richardsmotelstudios.com\/wp-content\/uploads\/2026\/03\/BBQ.webp\u00bb title_text=\u00bbBARBACOA\u00bb _builder_version=\u00bb4.27.6&#8243; width=\u00bb100%\u00bb module_alignment=\u00bbright\u00bb custom_margin=\u00bb||||false|false\u00bb hover_enabled=\u00bb0&#8243; border_width_all=\u00bb5px\u00bb border_color_all=\u00bb#FFFFFF\u00bb box_shadow_style=\u00bbpreset2&#8243; box_shadow_color=\u00bbrgba(0,45,76,0.32)\u00bb global_colors_info=\u00bb{}\u00bb sticky_enabled=\u00bb0&#8243;][\/et_pb_image][\/et_pb_column][et_pb_column type=\u00bb1_2&#8243; _builder_version=\u00bb4.16&#8243; global_colors_info=\u00bb{}\u00bb][et_pb_image src=\u00bbhttps:\/\/dev.richardsmotelstudios.com\/wp-content\/uploads\/2026\/03\/Studios-Plunkett-side.webp\u00bb title_text=\u00bbEstudios Plunkett lado\u00bb _builder_version=\u00bb4.27.6&#8243; width=\u00bb97%\u00bb module_alignment=\u00bbcenter\u00bb custom_margin=\u00bb||||false|false\u00bb hover_enabled=\u00bb0&#8243; border_width_all=\u00bb5px\u00bb border_color_all=\u00bb#FFFFFF\u00bb box_shadow_style=\u00bbpreset2&#8243; box_shadow_color=\u00bbrgba(0,45,76,0.32)\u00bb locked=\u00bboff\u00bb global_colors_info=\u00bb{}\u00bb sticky_enabled=\u00bb0&#8243;][\/et_pb_image][\/et_pb_column][et_pb_column type=\u00bb1_4&#8243; _builder_version=\u00bb4.16&#8243; global_colors_info=\u00bb{}\u00bb][et_pb_image src=\u00bbhttps:\/\/dev.richardsmotelstudios.com\/wp-content\/uploads\/2026\/03\/Studios-Patio.webp\u00bb title_text=\u00bbPatio de los Estudios\u00bb _builder_version=\u00bb4.27.6&#8243; width=\u00bb100%\u00bb module_alignment=\u00bbright\u00bb custom_margin=\u00bb||||false|false\u00bb hover_enabled=\u00bb0&#8243; border_width_all=\u00bb5px\u00bb border_color_all=\u00bb#FFFFFF\u00bb box_shadow_style=\u00bbpreset2&#8243; box_shadow_color=\u00bbrgba(0,45,76,0.32)\u00bb locked=\u00bboff\u00bb global_colors_info=\u00bb{}\u00bb sticky_enabled=\u00bb0&#8243;][\/et_pb_image][\/et_pb_column][\/et_pb_row][\/et_pb_section][et_pb_section fb_built=\u00bb1&#8243; admin_label=\u00bbGallery\u00bb _builder_version=\u00bb4.16&#8243; custom_padding=\u00bb||100px|||\u00bb global_colors_info=\u00bb{}\u00bb][et_pb_row _builder_version=\u00bb4.16&#8243; locked=\u00bboff\u00bb global_colors_info=\u00bb{}\u00bb][et_pb_column type=\u00bb4_4&#8243; _builder_version=\u00bb4.16&#8243; global_colors_info=\u00bb{}\u00bb][et_pb_text _builder_version=\u00bb4.24.0&#8243; text_font=\u00bbABeeZee||||||||\u00bb text_text_color=\u00bbrgba(85,101,112,0.8)\u00bb text_font_size=\u00bb16px\u00bb text_line_height=\u00bb1.8em\u00bb header_font=\u00bbABeeZee||||||||\u00bb header_2_font=\u00bbABeeZee|700|||||||\u00bb header_2_text_color=\u00bb#7fbf01&#8243; header_2_font_size=\u00bb40px\u00bb header_2_line_height=\u00bb1.1em\u00bb header_3_font=\u00bbABeeZee|700||on|||||\u00bb header_3_text_color=\u00bb#bd8f52&#8243; header_3_font_size=\u00bb13px\u00bb header_3_letter_spacing=\u00bb3px\u00bb header_3_line_height=\u00bb1.4em\u00bb text_orientation=\u00bbcenter\u00bb max_width_tablet=\u00bb90%\u00bb max_width_phone=\u00bb100%\u00bb max_width_last_edited=\u00bboff|desktop\u00bb custom_margin=\u00bb||||false|false\u00bb text_font_size_tablet=\u00bb15px\u00bb text_font_size_phone=\u00bb14px\u00bb text_font_size_last_edited=\u00bbon|phone\u00bb header_2_font_size_tablet=\u00bb44px\u00bb header_2_font_size_phone=\u00bb32px\u00bb header_2_font_size_last_edited=\u00bbon|tablet\u00bb locked=\u00bboff\u00bb global_colors_info=\u00bb{}\u00bb header_2_2_font_size_phone=\u00bb32px\u00bb header_3_2_font_size_phone=\u00bb32px\u00bb header_4_2_font_size_phone=\u00bb32px\u00bb header_5_2_font_size_phone=\u00bb32px\u00bb header_6_2_font_size_phone=\u00bb32px\u00bb header_2_2_font_size_tablet=\u00bb44px\u00bb header_3_2_font_size_tablet=\u00bb44px\u00bb header_4_2_font_size_tablet=\u00bb44px\u00bb header_5_2_font_size_tablet=\u00bb44px\u00bb header_6_2_font_size_tablet=\u00bb44px\u00bb header_2_2_font_size_last_edited=\u00bbon|tablet\u00bb header_3_2_font_size_last_edited=\u00bbon|tablet\u00bb header_4_2_font_size_last_edited=\u00bbon|tablet\u00bb header_5_2_font_size_last_edited=\u00bbon|tablet\u00bb header_6_2_font_size_last_edited=\u00bbon|tablet\u00bb]<\/p>\n<h2>Forme parte de nuestra historia<\/h2>\n<p>[\/et_pb_text][et_pb_button button_url=\u00bbhttps:\/\/dev.richardsmotelstudios.com\/es\/pongase-en-contacto-con\/\u00bb button_text=\u00bbHacer una reserva\u00bb button_alignment=\u00bbcenter\u00bb _builder_version=\u00bb4.24.0&#8243; custom_button=\u00bbon\u00bb button_text_size=\u00bb13px\u00bb button_text_color=\u00bb#FFFFFF\u00bb button_bg_color=\u00bbrgba(127,191,1,0.75)\u00bb button_border_width=\u00bb3px\u00bb button_border_color=\u00bb#7fbf01&#8243; button_border_radius=\u00bb8px\u00bb button_letter_spacing=\u00bb5px\u00bb button_font=\u00bbABeeZee|600||on|||||\u00bb button_icon_color=\u00bb#FFFFFF\u00bb background_layout=\u00bbdark\u00bb custom_padding=\u00bb10px|24px|10px|24px|true|true\u00bb custom_padding_tablet=\u00bb56px||56px||true|true\u00bb custom_padding_phone=\u00bb24px||24px||true|true\u00bb custom_padding_last_edited=\u00bboff|tablet\u00bb box_shadow_style=\u00bbpreset7&#8243; box_shadow_horizontal=\u00bb0px\u00bb box_shadow_vertical=\u00bb0px\u00bb box_shadow_spread=\u00bb2px\u00bb box_shadow_color=\u00bb#ffffff\u00bb locked=\u00bboff\u00bb global_colors_info=\u00bb{}\u00bb box_shadow_spread__hover_enabled=\u00bbon|hover\u00bb box_shadow_spread__hover=\u00bb6px\u00bb button_border_color__hover_enabled=\u00bbon|desktop\u00bb button_border_color__hover=\u00bb#d1d1d1&#8243;][\/et_pb_button][\/et_pb_column][\/et_pb_row][et_pb_row column_structure=\u00bb1_2,1_2&#8243; _builder_version=\u00bb4.16&#8243; animation_style=\u00bbfade\u00bb animation_duration=\u00bb2000ms\u00bb global_colors_info=\u00bb{}\u00bb][et_pb_column type=\u00bb1_2&#8243; _builder_version=\u00bb4.16&#8243; global_colors_info=\u00bb{}\u00bb][et_pb_image src=\u00bbhttps:\/\/richardsmotelfamilyoflodgings.com\/mainlocation\/wp-content\/uploads\/2024\/02\/5a7_du_20-01-2023_3-copy-scaled.jpg\u00bb title_text=\u00bb5a7_du_20-01-2023_3 copia\u00bb _builder_version=\u00bb4.24.1&#8243; width=\u00bb100%\u00bb module_alignment=\u00bbright\u00bb custom_margin=\u00bb||||false|false\u00bb border_width_all=\u00bb5px\u00bb border_color_all=\u00bb#FFFFFF\u00bb box_shadow_style=\u00bbpreset2&#8243; box_shadow_color=\u00bbrgba(0,45,76,0.32)\u00bb global_colors_info=\u00bb{}\u00bb][\/et_pb_image][\/et_pb_column][et_pb_column type=\u00bb1_2&#8243; _builder_version=\u00bb4.16&#8243; global_colors_info=\u00bb{}\u00bb][et_pb_image src=\u00bbhttps:\/\/richardsmotelfamilyoflodgings.com\/mainlocation\/wp-content\/uploads\/2024\/02\/5a7_10-02-2023_37-copy-scaled.jpg\u00bb title_text=\u00bb5a7_10-02-2023_37 copia\u00bb _builder_version=\u00bb4.24.1&#8243; width=\u00bb100%\u00bb module_alignment=\u00bbright\u00bb custom_margin=\u00bb||||false|false\u00bb border_width_all=\u00bb5px\u00bb border_color_all=\u00bb#FFFFFF\u00bb box_shadow_style=\u00bbpreset2&#8243; box_shadow_color=\u00bbrgba(0,45,76,0.32)\u00bb locked=\u00bboff\u00bb global_colors_info=\u00bb{}\u00bb][\/et_pb_image][\/et_pb_column][\/et_pb_row][et_pb_row _builder_version=\u00bb4.16&#8243; animation_style=\u00bbfade\u00bb animation_duration=\u00bb2000ms\u00bb locked=\u00bboff\u00bb global_colors_info=\u00bb{}\u00bb][et_pb_column type=\u00bb4_4&#8243; _builder_version=\u00bb4.16&#8243; global_colors_info=\u00bb{}\u00bb][et_pb_image src=\u00bbhttps:\/\/richardsmotelfamilyoflodgings.com\/mainlocation\/wp-content\/uploads\/2024\/02\/5a7_10-02-2023_45-copy-scaled.jpg\u00bb title_text=\u00bb5a7_10-02-2023_45 copia\u00bb _builder_version=\u00bb4.24.1&#8243; width=\u00bb100%\u00bb module_alignment=\u00bbright\u00bb custom_margin=\u00bb||||false|false\u00bb border_width_all=\u00bb5px\u00bb border_color_all=\u00bb#FFFFFF\u00bb box_shadow_style=\u00bbpreset2&#8243; box_shadow_color=\u00bbrgba(0,45,76,0.32)\u00bb global_colors_info=\u00bb{}\u00bb][\/et_pb_image][\/et_pb_column][\/et_pb_row][et_pb_row column_structure=\u00bb1_3,1_3,1_3&#8243; _builder_version=\u00bb4.16&#8243; animation_style=\u00bbfade\u00bb animation_duration=\u00bb2000ms\u00bb global_colors_info=\u00bb{}\u00bb][et_pb_column type=\u00bb1_3&#8243; _builder_version=\u00bb4.16&#8243; global_colors_info=\u00bb{}\u00bb][et_pb_image src=\u00bbhttps:\/\/richardsmotelfamilyoflodgings.com\/mainlocation\/wp-content\/uploads\/2024\/02\/5a7_03-02-2023_11-copy.jpg\u00bb title_text=\u00bb5a7_03-02-2023_11 copia\u00bb _builder_version=\u00bb4.24.1&#8243; width=\u00bb100%\u00bb module_alignment=\u00bbright\u00bb custom_margin=\u00bb||||false|false\u00bb border_width_all=\u00bb5px\u00bb border_color_all=\u00bb#FFFFFF\u00bb box_shadow_style=\u00bbpreset2&#8243; box_shadow_color=\u00bbrgba(0,45,76,0.32)\u00bb global_colors_info=\u00bb{}\u00bb][\/et_pb_image][\/et_pb_column][et_pb_column type=\u00bb1_3&#8243; _builder_version=\u00bb4.16&#8243; global_colors_info=\u00bb{}\u00bb][et_pb_image src=\u00bbhttps:\/\/richardsmotelfamilyoflodgings.com\/mainlocation\/wp-content\/uploads\/2024\/02\/Motel_11-23-2022_12-copy-scaled.jpg\u00bb title_text=\u00bbMotel_11-23-2022_12 copia\u00bb _builder_version=\u00bb4.24.1&#8243; width=\u00bb100%\u00bb module_alignment=\u00bbright\u00bb custom_margin=\u00bb||||false|false\u00bb border_width_all=\u00bb5px\u00bb border_color_all=\u00bb#FFFFFF\u00bb box_shadow_style=\u00bbpreset2&#8243; box_shadow_color=\u00bbrgba(0,45,76,0.32)\u00bb locked=\u00bboff\u00bb global_colors_info=\u00bb{}\u00bb][\/et_pb_image][\/et_pb_column][et_pb_column type=\u00bb1_3&#8243; _builder_version=\u00bb4.16&#8243; global_colors_info=\u00bb{}\u00bb][et_pb_image src=\u00bbhttps:\/\/richardsmotelfamilyoflodgings.com\/mainlocation\/wp-content\/uploads\/2024\/02\/5a7_10-02-2023_40-scaled.jpg\u00bb title_text=\u00bb5a7_10-02-2023_40&#8243; _builder_version=\u00bb4.24.1&#8243; width=\u00bb100%\u00bb module_alignment=\u00bbright\u00bb custom_margin=\u00bb||||false|false\u00bb border_width_all=\u00bb5px\u00bb border_color_all=\u00bb#FFFFFF\u00bb box_shadow_style=\u00bbpreset2&#8243; box_shadow_color=\u00bbrgba(0,45,76,0.32)\u00bb global_colors_info=\u00bb{}\u00bb][\/et_pb_image][\/et_pb_column][\/et_pb_row][\/et_pb_section]<\/p>\n","protected":false},"excerpt":{"rendered":"<p>Galer\u00eda de im\u00e1genesBello Condo &nbsp; Rel\u00e1jate en Richard&#8217;s Motel Studios con un bonito jard\u00edn y barbacoaForme parte de nuestra historia<\/p>\n","protected":false},"author":1,"featured_media":0,"parent":0,"menu_order":0,"comment_status":"closed","ping_status":"closed","template":"","meta":{"_et_pb_use_builder":"on","_et_pb_old_content":"","_et_gb_content_width":"","_monsterinsights_skip_tracking":false,"_monsterinsights_sitenote_active":false,"_monsterinsights_sitenote_note":"","_monsterinsights_sitenote_category":0,"footnotes":""},"class_list":["post-1742","page","type-page","status-publish","hentry"],"yoast_head":"<!-- This site is optimized with the Yoast SEO plugin v27.3 - https:\/\/yoast.com\/product\/yoast-seo-wordpress\/ -->\n<title>Galer\u00eda - Richard&#039;s Motel Studios<\/title>\n<meta name=\"robots\" content=\"index, follow, max-snippet:-1, max-image-preview:large, max-video-preview:-1\" \/>\n<link rel=\"canonical\" href=\"https:\/\/richardsmotelstudios.com\/es\/galeria\/\" \/>\n<meta property=\"og:locale\" content=\"es_ES\" \/>\n<meta property=\"og:type\" content=\"article\" \/>\n<meta property=\"og:title\" content=\"Galer\u00eda - Richard&#039;s Motel Studios\" \/>\n<meta property=\"og:description\" content=\"Galer\u00eda de im\u00e1genesBello Condo &nbsp; Rel\u00e1jate en Richard&#039;s Motel Studios con un bonito jard\u00edn y barbacoaForme parte de nuestra historia\" \/>\n<meta property=\"og:url\" content=\"https:\/\/richardsmotelstudios.com\/es\/galeria\/\" \/>\n<meta property=\"og:site_name\" content=\"Richard&#039;s Motel Studios\" \/>\n<meta property=\"article:publisher\" content=\"https:\/\/www.facebook.com\/FamilyofLodgingsHollywoodFlorida\/\" \/>\n<meta property=\"article:modified_time\" content=\"2026-03-18T11:45:06+00:00\" \/>\n<meta name=\"twitter:card\" content=\"summary_large_image\" \/>\n<meta name=\"twitter:label1\" content=\"Tiempo de lectura\" \/>\n\t<meta name=\"twitter:data1\" content=\"9 minutos\" \/>\n<script type=\"application\/ld+json\" class=\"yoast-schema-graph\">{\"@context\":\"https:\\\/\\\/schema.org\",\"@graph\":[{\"@type\":\"WebPage\",\"@id\":\"https:\\\/\\\/richardsmotelstudios.com\\\/es\\\/galeria\\\/\",\"url\":\"https:\\\/\\\/richardsmotelstudios.com\\\/es\\\/galeria\\\/\",\"name\":\"Galer\u00eda - Richard&#039;s Motel Studios\",\"isPartOf\":{\"@id\":\"https:\\\/\\\/richardsmotelstudios.com\\\/es\\\/#website\"},\"datePublished\":\"2023-11-26T17:56:04+00:00\",\"dateModified\":\"2026-03-18T11:45:06+00:00\",\"breadcrumb\":{\"@id\":\"https:\\\/\\\/richardsmotelstudios.com\\\/es\\\/galeria\\\/#breadcrumb\"},\"inLanguage\":\"es\",\"potentialAction\":[{\"@type\":\"ReadAction\",\"target\":[\"https:\\\/\\\/richardsmotelstudios.com\\\/es\\\/galeria\\\/\"]}]},{\"@type\":\"BreadcrumbList\",\"@id\":\"https:\\\/\\\/richardsmotelstudios.com\\\/es\\\/galeria\\\/#breadcrumb\",\"itemListElement\":[{\"@type\":\"ListItem\",\"position\":1,\"name\":\"Home\",\"item\":\"https:\\\/\\\/richardsmotelstudios.com\\\/es\\\/\"},{\"@type\":\"ListItem\",\"position\":2,\"name\":\"Galer\u00eda\"}]},{\"@type\":\"WebSite\",\"@id\":\"https:\\\/\\\/richardsmotelstudios.com\\\/es\\\/#website\",\"url\":\"https:\\\/\\\/richardsmotelstudios.com\\\/es\\\/\",\"name\":\"Richard's Motel Courtyard\",\"description\":\"\",\"publisher\":{\"@id\":\"https:\\\/\\\/richardsmotelstudios.com\\\/es\\\/#organization\"},\"potentialAction\":[{\"@type\":\"SearchAction\",\"target\":{\"@type\":\"EntryPoint\",\"urlTemplate\":\"https:\\\/\\\/richardsmotelstudios.com\\\/es\\\/?s={search_term_string}\"},\"query-input\":{\"@type\":\"PropertyValueSpecification\",\"valueRequired\":true,\"valueName\":\"search_term_string\"}}],\"inLanguage\":\"es\"},{\"@type\":\"Organization\",\"@id\":\"https:\\\/\\\/richardsmotelstudios.com\\\/es\\\/#organization\",\"name\":\"Richard's Motel Courtyard\",\"url\":\"https:\\\/\\\/richardsmotelstudios.com\\\/es\\\/\",\"logo\":{\"@type\":\"ImageObject\",\"inLanguage\":\"es\",\"@id\":\"https:\\\/\\\/richardsmotelstudios.com\\\/es\\\/#\\\/schema\\\/logo\\\/image\\\/\",\"url\":\"https:\\\/\\\/richardsmotelcourtyard.com\\\/wp-content\\\/uploads\\\/2024\\\/06\\\/Courtyard-logo.png\",\"contentUrl\":\"https:\\\/\\\/richardsmotelcourtyard.com\\\/wp-content\\\/uploads\\\/2024\\\/06\\\/Courtyard-logo.png\",\"width\":300,\"height\":237,\"caption\":\"Richard's Motel Courtyard\"},\"image\":{\"@id\":\"https:\\\/\\\/richardsmotelstudios.com\\\/es\\\/#\\\/schema\\\/logo\\\/image\\\/\"},\"sameAs\":[\"https:\\\/\\\/www.facebook.com\\\/FamilyofLodgingsHollywoodFlorida\\\/\"]}]}<\/script>\n<!-- \/ Yoast SEO plugin. -->","yoast_head_json":{"title":"Galer\u00eda - Richard&#039;s Motel Studios","robots":{"index":"index","follow":"follow","max-snippet":"max-snippet:-1","max-image-preview":"max-image-preview:large","max-video-preview":"max-video-preview:-1"},"canonical":"https:\/\/richardsmotelstudios.com\/es\/galeria\/","og_locale":"es_ES","og_type":"article","og_title":"Galer\u00eda - Richard&#039;s Motel Studios","og_description":"Galer\u00eda de im\u00e1genesBello Condo &nbsp; Rel\u00e1jate en Richard's Motel Studios con un bonito jard\u00edn y barbacoaForme parte de nuestra historia","og_url":"https:\/\/richardsmotelstudios.com\/es\/galeria\/","og_site_name":"Richard&#039;s Motel Studios","article_publisher":"https:\/\/www.facebook.com\/FamilyofLodgingsHollywoodFlorida\/","article_modified_time":"2026-03-18T11:45:06+00:00","twitter_card":"summary_large_image","twitter_misc":{"Tiempo de lectura":"9 minutos"},"schema":{"@context":"https:\/\/schema.org","@graph":[{"@type":"WebPage","@id":"https:\/\/richardsmotelstudios.com\/es\/galeria\/","url":"https:\/\/richardsmotelstudios.com\/es\/galeria\/","name":"Galer\u00eda - Richard&#039;s Motel Studios","isPartOf":{"@id":"https:\/\/richardsmotelstudios.com\/es\/#website"},"datePublished":"2023-11-26T17:56:04+00:00","dateModified":"2026-03-18T11:45:06+00:00","breadcrumb":{"@id":"https:\/\/richardsmotelstudios.com\/es\/galeria\/#breadcrumb"},"inLanguage":"es","potentialAction":[{"@type":"ReadAction","target":["https:\/\/richardsmotelstudios.com\/es\/galeria\/"]}]},{"@type":"BreadcrumbList","@id":"https:\/\/richardsmotelstudios.com\/es\/galeria\/#breadcrumb","itemListElement":[{"@type":"ListItem","position":1,"name":"Home","item":"https:\/\/richardsmotelstudios.com\/es\/"},{"@type":"ListItem","position":2,"name":"Galer\u00eda"}]},{"@type":"WebSite","@id":"https:\/\/richardsmotelstudios.com\/es\/#website","url":"https:\/\/richardsmotelstudios.com\/es\/","name":"Richard's Motel Courtyard","description":"","publisher":{"@id":"https:\/\/richardsmotelstudios.com\/es\/#organization"},"potentialAction":[{"@type":"SearchAction","target":{"@type":"EntryPoint","urlTemplate":"https:\/\/richardsmotelstudios.com\/es\/?s={search_term_string}"},"query-input":{"@type":"PropertyValueSpecification","valueRequired":true,"valueName":"search_term_string"}}],"inLanguage":"es"},{"@type":"Organization","@id":"https:\/\/richardsmotelstudios.com\/es\/#organization","name":"Richard's Motel Courtyard","url":"https:\/\/richardsmotelstudios.com\/es\/","logo":{"@type":"ImageObject","inLanguage":"es","@id":"https:\/\/richardsmotelstudios.com\/es\/#\/schema\/logo\/image\/","url":"https:\/\/richardsmotelcourtyard.com\/wp-content\/uploads\/2024\/06\/Courtyard-logo.png","contentUrl":"https:\/\/richardsmotelcourtyard.com\/wp-content\/uploads\/2024\/06\/Courtyard-logo.png","width":300,"height":237,"caption":"Richard's Motel Courtyard"},"image":{"@id":"https:\/\/richardsmotelstudios.com\/es\/#\/schema\/logo\/image\/"},"sameAs":["https:\/\/www.facebook.com\/FamilyofLodgingsHollywoodFlorida\/"]}]}},"_links":{"self":[{"href":"https:\/\/richardsmotelstudios.com\/es\/wp-json\/wp\/v2\/pages\/1742","targetHints":{"allow":["GET"]}}],"collection":[{"href":"https:\/\/richardsmotelstudios.com\/es\/wp-json\/wp\/v2\/pages"}],"about":[{"href":"https:\/\/richardsmotelstudios.com\/es\/wp-json\/wp\/v2\/types\/page"}],"author":[{"embeddable":true,"href":"https:\/\/richardsmotelstudios.com\/es\/wp-json\/wp\/v2\/users\/1"}],"replies":[{"embeddable":true,"href":"https:\/\/richardsmotelstudios.com\/es\/wp-json\/wp\/v2\/comments?post=1742"}],"version-history":[{"count":40,"href":"https:\/\/richardsmotelstudios.com\/es\/wp-json\/wp\/v2\/pages\/1742\/revisions"}],"predecessor-version":[{"id":3565,"href":"https:\/\/richardsmotelstudios.com\/es\/wp-json\/wp\/v2\/pages\/1742\/revisions\/3565"}],"wp:attachment":[{"href":"https:\/\/richardsmotelstudios.com\/es\/wp-json\/wp\/v2\/media?parent=1742"}],"curies":[{"name":"wp","href":"https:\/\/api.w.org\/{rel}","templated":true}]}}